{"id":3,"date":"2025-05-28T16:49:26","date_gmt":"2025-05-28T16:49:26","guid":{"rendered":"https:\/\/costablancastays.com\/?page_id=3"},"modified":"2025-07-02T21:00:39","modified_gmt":"2025-07-02T21:00:39","slug":"politique-de-confidentialite","status":"publish","type":"page","link":"https:\/\/costablancastays.com\/fr\/politique-de-confidentialite\/","title":{"rendered":"Politique de confidentialit\u00e9"},"content":{"rendered":"<div data-elementor-type=\"wp-page\" data-elementor-id=\"3\" class=\"elementor elementor-3\" data-elementor-post-type=\"page\">\n\t\t\t\t<div class=\"elementor-element elementor-element-442629b2 e-flex e-con-boxed e-con e-parent\" data-id=\"442629b2\" data-element_type=\"container\">\n\t\t\t\t\t<div class=\"e-con-inner\">\n\t\t\t\t<div class=\"elementor-element elementor-element-50a81097 elementor-widget elementor-widget-text-editor\" data-id=\"50a81097\" data-element_type=\"widget\" data-widget_type=\"text-editor.default\">\n\t\t\t\t<div class=\"elementor-widget-container\">\n\t\t\t\t\t\t\t\t\t\n<p class=\"text-3\">Les informations suivantes vous donneront une vue d'ensemble facile \u00e0 parcourir de ce qu'il adviendra de vos donn\u00e9es \u00e0 caract\u00e8re personnel lorsque vous visiterez ce site web. Le terme \"donn\u00e9es personnelles\" comprend toutes les donn\u00e9es qui peuvent \u00eatre utilis\u00e9es pour vous identifier personnellement. Pour des informations d\u00e9taill\u00e9es sur la protection des donn\u00e9es, veuillez consulter notre d\u00e9claration de protection des donn\u00e9es, que nous avons incluse sous cette copie.<\/p>\n<h3 class=\"mb-3 mt-4 wp-block-heading\">1. Aper\u00e7u de la protection des donn\u00e9es<\/h3>\n<h5 class=\"text-4\">Qui est le responsable de l'enregistrement des donn\u00e9es sur ce site web (c'est-\u00e0-dire le \"responsable du traitement\") ?<\/h5>\n<p>Les donn\u00e9es figurant sur ce site web sont trait\u00e9es par l'exploitant du site web, dont les coordonn\u00e9es sont disponibles dans la section \"Informations sur la partie responsable (appel\u00e9e \"responsable du traitement\" dans le GDPR)\" de la pr\u00e9sente politique de confidentialit\u00e9.<\/p>\n<h5 class=\"text-4\">Comment enregistrons-nous vos donn\u00e9es ?<\/h5>\n<p>Nous recueillons vos donn\u00e9es lorsque vous nous les communiquez. Il peut s'agir, par exemple, d'informations que vous saisissez dans notre formulaire de contact.<br \/>D'autres donn\u00e9es sont enregistr\u00e9es par nos syst\u00e8mes informatiques de mani\u00e8re automatique ou apr\u00e8s que vous avez consenti \u00e0 leur enregistrement lors de votre visite sur le site web. Ces donn\u00e9es comprennent principalement des informations techniques (par exemple, le navigateur web, le syst\u00e8me d'exploitation ou l'heure d'acc\u00e8s au site). Ces informations sont enregistr\u00e9es automatiquement lorsque vous acc\u00e9dez \u00e0 ce site web.<\/p>\n<h5 class=\"text-4\">Quelles sont les raisons pour lesquelles nous utilisons vos donn\u00e9es ?<\/h5>\n<p>Une partie des informations est g\u00e9n\u00e9r\u00e9e pour garantir la fourniture sans erreur du site web. D'autres donn\u00e9es peuvent \u00eatre utilis\u00e9es pour r\u00e9pondre \u00e0 la question de votre formulaire de contact.<\/p>\n<h5 class=\"text-4\">Quels sont vos droits en ce qui concerne vos informations ?<\/h5>\n<p>Vous avez le droit de recevoir \u00e0 tout moment des informations sur l'origine, les destinataires et les finalit\u00e9s de vos donn\u00e9es personnelles archiv\u00e9es, sans avoir \u00e0 payer de frais pour ces divulgations. Vous avez \u00e9galement le droit d'exiger que vos donn\u00e9es soient rectifi\u00e9es ou \u00e9radiqu\u00e9es. Si vous avez consenti au traitement des donn\u00e9es, vous avez la possibilit\u00e9 de r\u00e9voquer ce consentement \u00e0 tout moment, ce qui affectera tout traitement futur des donn\u00e9es. En outre, vous avez le droit d'exiger que le traitement de vos donn\u00e9es soit limit\u00e9 dans certaines circonstances. En outre, vous avez le droit d'introduire une r\u00e9clamation aupr\u00e8s de l'agence de contr\u00f4le comp\u00e9tente.<br \/>N'h\u00e9sitez pas \u00e0 nous contacter \u00e0 tout moment si vous avez des questions \u00e0 ce sujet ou sur tout autre sujet li\u00e9 \u00e0 la protection des donn\u00e9es.<\/p>\n<h5 class=\"text-4\">Outils d'analyse et outils fournis par des tiers<\/h5>\n<p>Il est possible que vos habitudes de navigation fassent l'objet d'une analyse statistique lorsque vous visitez ce site web. Ces analyses sont effectu\u00e9es principalement \u00e0 l'aide de ce que nous appelons des programmes d'analyse.<br \/>Pour obtenir des informations d\u00e9taill\u00e9es sur ces programmes d'analyse, veuillez consulter notre d\u00e9claration de protection des donn\u00e9es ci-dessous.<\/p>\n<h3 class=\"mb-3 mt-4\">2. H\u00e9bergement et r\u00e9seaux de diffusion de contenu (CDN)<\/h3>\n<h5 class=\"text-4\">H\u00e9bergement externe<\/h5>\n<p>Ce site web est h\u00e9berg\u00e9 par un prestataire de services externe (h\u00e9bergeur). Les donn\u00e9es personnelles collect\u00e9es sur ce site sont stock\u00e9es sur les serveurs de l'h\u00e9bergeur. Il peut s'agir, entre autres, d'adresses IP, de demandes de contact, de m\u00e9tadonn\u00e9es et de communications, d'informations contractuelles, d'informations de contact, de noms, d'acc\u00e8s \u00e0 des pages web et d'autres donn\u00e9es g\u00e9n\u00e9r\u00e9es par l'interm\u00e9diaire d'un site web.<\/p>\n<p>Notre h\u00e9bergeur ne traitera vos donn\u00e9es que dans la mesure o\u00f9 cela est n\u00e9cessaire pour remplir ses obligations de performance et pour suivre nos instructions concernant ces donn\u00e9es.<\/p>\n<p>Nous utilisons l'h\u00f4te suivant :<br \/>One.com A\/S<br \/>Emplacement du serveur : Danemark.<\/p>\n<h3 class=\"mb-3 mt-4\">3. Informations g\u00e9n\u00e9rales et mentions obligatoires<\/h3>\n<h5 class=\"text-4\">Protection des donn\u00e9es<\/h5>\n<p>Les exploitants de ce site web et de ses pages prennent tr\u00e8s au s\u00e9rieux la protection de vos donn\u00e9es personnelles. C'est pourquoi nous traitons vos donn\u00e9es personnelles comme des informations confidentielles et dans le respect des dispositions l\u00e9gales en mati\u00e8re de protection des donn\u00e9es et de la pr\u00e9sente d\u00e9claration de protection des donn\u00e9es.<\/p>\n<p>Chaque fois que vous utilisez ce site web, diverses informations personnelles sont collect\u00e9es. Les donn\u00e9es personnelles comprennent les donn\u00e9es qui peuvent \u00eatre utilis\u00e9es pour vous identifier personnellement. La pr\u00e9sente d\u00e9claration de protection des donn\u00e9es explique quelles donn\u00e9es nous collectons et \u00e0 quelles fins nous utilisons ces donn\u00e9es. Elle explique \u00e9galement comment et dans quel but les informations sont collect\u00e9es.<\/p>\n<p>Nous vous informons que la transmission de donn\u00e9es par Internet (c'est-\u00e0-dire par courrier \u00e9lectronique) peut pr\u00e9senter des lacunes en mati\u00e8re de s\u00e9curit\u00e9. Il n'est pas possible de prot\u00e9ger compl\u00e8tement les donn\u00e9es contre l'acc\u00e8s de tiers.<\/p>\n<p>Informations sur le responsable (appel\u00e9 \"responsable du traitement\" dans le GDPR) Le responsable du traitement des donn\u00e9es sur ce site web est :<\/p>\n<p>Annie Van Landschoot<br \/>Courriel : info@costablanca-stays.com<\/p>\n<p>Le responsable du traitement est la personne physique ou morale qui, seule ou conjointement avec d'autres, d\u00e9cide des finalit\u00e9s et des moyens du traitement des donn\u00e9es \u00e0 caract\u00e8re personnel (par exemple, noms, adresses \u00e9lectroniques, etc.).<\/p>\n<h5 class=\"text-4\">Dur\u00e9e de stockage<\/h5>\n<p>\u00c0 moins qu'une p\u00e9riode de conservation plus sp\u00e9cifique n'ait \u00e9t\u00e9 sp\u00e9cifi\u00e9e dans la pr\u00e9sente politique de confidentialit\u00e9, vos donn\u00e9es personnelles resteront chez nous jusqu'\u00e0 ce que l'objectif pour lequel elles ont \u00e9t\u00e9 collect\u00e9es ne soit plus d'actualit\u00e9. Si vous faites valoir une demande justifi\u00e9e de suppression ou si vous r\u00e9voquez votre consentement au traitement des donn\u00e9es, vos donn\u00e9es seront supprim\u00e9es, \u00e0 moins que nous n'ayons d'autres raisons l\u00e9galement admissibles de conserver vos donn\u00e9es \u00e0 caract\u00e8re personnel (par exemple, des p\u00e9riodes de conservation en vertu du droit fiscal ou commercial) ; dans ce dernier cas, la suppression aura lieu apr\u00e8s que ces raisons auront cess\u00e9 de s'appliquer.<\/p>\n<h5 class=\"text-4\">Droit de d\u00e9poser une plainte aupr\u00e8s de l'agence de contr\u00f4le comp\u00e9tente<\/h5>\n<p>En cas de violation du GDPR, les personnes concern\u00e9es ont le droit de d\u00e9poser une plainte aupr\u00e8s d'une agence de contr\u00f4le, en particulier dans l'\u00c9tat membre o\u00f9 elles ont habituellement leur domicile, leur lieu de travail ou le lieu o\u00f9 la violation pr\u00e9sum\u00e9e s'est produite. Le droit d'introduire une r\u00e9clamation s'applique ind\u00e9pendamment de toute autre proc\u00e9dure administrative ou judiciaire disponible en tant que recours l\u00e9gal.<\/p>\n<h5 class=\"text-4\">Droit \u00e0 la portabilit\u00e9 des donn\u00e9es<\/h5>\n<p>Vous avez le droit d'exiger que les donn\u00e9es que nous traitons automatiquement sur la base de votre consentement ou en vue de l'ex\u00e9cution d'un contrat vous soient communiqu\u00e9es ou soient communiqu\u00e9es \u00e0 un tiers dans un format couramment utilis\u00e9 et lisible par machine. Si vous demandez le transfert direct des donn\u00e9es \u00e0 un autre responsable du traitement, ce transfert ne sera effectu\u00e9 que s'il est techniquement possible.<\/p>\n<h5 class=\"text-4\">Cryptage SSL et\/ou TLS<\/h5>\n<p>Pour des raisons de s\u00e9curit\u00e9 et pour prot\u00e9ger la transmission de contenus confidentiels, tels que les bons de commande ou les demandes que vous nous soumettez en tant qu'exploitant du site web, ce site web utilise un programme de cryptage SSL ou TLS. Vous pouvez reconna\u00eetre une connexion crypt\u00e9e en v\u00e9rifiant si la ligne d'adresse du navigateur passe de \"http:\/\/\" \u00e0 \"https:\/\/\", ainsi qu'\u00e0 l'apparition de l'ic\u00f4ne du cadenas dans la ligne du navigateur.<\/p>\n<p>Si le cryptage SSL ou TLS est activ\u00e9, les donn\u00e9es que vous nous transmettez ne peuvent pas \u00eatre lues par des tiers.<\/p>\n<h5 class=\"text-4\">Information, rectification et \u00e9radication des donn\u00e9es<\/h5>\n<p>Dans le cadre des dispositions l\u00e9gales applicables, vous avez le droit d'exiger \u00e0 tout moment des informations sur vos donn\u00e9es personnelles archiv\u00e9es, leur source et leurs destinataires, ainsi que sur la finalit\u00e9 du traitement de vos donn\u00e9es. Vous pouvez \u00e9galement avoir le droit de faire rectifier ou supprimer vos donn\u00e9es. Si vous avez des questions sur ce sujet ou toute autre question relative aux donn\u00e9es personnelles, n'h\u00e9sitez pas \u00e0 nous contacter \u00e0 tout moment.<\/p>\n<h5 class=\"text-4\">Droit d'exiger des restrictions au traitement<\/h5>\n<p>Vous avez le droit d'exiger la limitation du traitement de vos donn\u00e9es personnelles. Pour ce faire, vous pouvez nous contacter \u00e0 tout moment. Le droit d'exiger la limitation du traitement s'applique dans les cas suivants :<\/p>\n<ul>\n<li>-&gt; Si vous contestez l'exactitude de vos donn\u00e9es archiv\u00e9es par nos soins, nous avons g\u00e9n\u00e9ralement besoin d'un certain temps pour v\u00e9rifier cette r\u00e9clamation. Pendant la dur\u00e9e de cette v\u00e9rification, vous avez le droit d'exiger que nous limitions le traitement de vos donn\u00e9es personnelles.<\/li>\n<li>-&gt; Si le traitement de vos donn\u00e9es personnelles a \u00e9t\u00e9 ou est effectu\u00e9 de mani\u00e8re illicite, vous avez la possibilit\u00e9 d'exiger la limitation du traitement de vos donn\u00e9es au lieu d'exiger l'\u00e9radication de ces donn\u00e9es.<\/li>\n<li>-&gt; Si nous n'avons plus besoin de vos donn\u00e9es personnelles et que vous en avez besoin pour exercer, d\u00e9fendre ou faire valoir des droits l\u00e9gaux, vous avez le droit d'exiger la limitation du traitement de vos donn\u00e9es personnelles au lieu de leur suppression.<\/li>\n<li>-&gt; Si vous avez formul\u00e9 une objection conform\u00e9ment \u00e0 l'article 21, paragraphe 1, du RGPD, vos droits et les n\u00f4tres doivent \u00eatre mis en balance. 21 Sect. 1 GDPR, vos droits et nos droits doivent \u00eatre mis en balance. Tant qu'il n'a pas \u00e9t\u00e9 d\u00e9termin\u00e9 quels int\u00e9r\u00eats pr\u00e9valent, vous avez le droit d'exiger une restriction du traitement de vos donn\u00e9es personnelles.<\/li>\n<li>-&gt; Si vous avez limit\u00e9 le traitement de vos donn\u00e9es personnelles, ces donn\u00e9es - \u00e0 l'exception de leur archivage - ne peuvent \u00eatre trait\u00e9es qu'avec votre consentement ou pour faire valoir, exercer ou d\u00e9fendre des droits l\u00e9gaux ou pour prot\u00e9ger les droits d'autres personnes physiques ou morales ou pour des raisons importantes d'int\u00e9r\u00eat public invoqu\u00e9es par l'Union europ\u00e9enne ou un \u00c9tat membre de l'UE.<\/li>\n<\/ul>\n<h3 class=\"mb-3 mt-4\">4. Enregistrement de donn\u00e9es sur ce site web<\/h3>\n<h5 class=\"text-4\">Cookies<\/h5>\n<p>Nos sites web et nos pages utilisent ce que l'industrie appelle des \"cookies\". Les cookies sont de petits fichiers texte qui ne causent aucun dommage \u00e0 votre appareil. Ils sont soit stock\u00e9s temporairement pour la dur\u00e9e d'une session (cookies de session), soit archiv\u00e9s de mani\u00e8re permanente sur votre appareil (cookies permanents). Les cookies de session sont automatiquement supprim\u00e9s lorsque vous mettez fin \u00e0 votre visite. Les cookies permanents restent archiv\u00e9s sur votre appareil jusqu'\u00e0 ce que vous les supprimiez activement ou qu'ils soient automatiquement \u00e9radiqu\u00e9s par votre navigateur web.<\/p>\n<p>Dans certains cas, il est possible que des cookies de tiers soient stock\u00e9s sur votre appareil lorsque vous entrez sur notre site (cookies de tiers). Ces cookies vous permettent ou nous permettent de b\u00e9n\u00e9ficier de certains services offerts par le tiers (par exemple, des cookies pour le traitement des services de paiement).<\/p>\n<p>Les cookies ont des fonctions diverses. De nombreux cookies sont techniquement essentiels, car certaines fonctions du site web ne fonctionneraient pas en l'absence de cookies (par exemple, la fonction de panier d'achat ou l'affichage de vid\u00e9os). D'autres cookies ont pour but d'analyser les habitudes des utilisateurs ou d'afficher des messages promotionnels.<\/p>\n<p>Les cookies n\u00e9cessaires \u00e0 l'ex\u00e9cution de transactions de communication \u00e9lectronique (cookies obligatoires) ou \u00e0 la fourniture de certaines fonctions que vous souhaitez utiliser (cookies fonctionnels, par exemple pour la fonction de panier d'achat) ou ceux qui sont n\u00e9cessaires \u00e0 l'optimisation du site web (par exemple, les cookies qui fournissent des informations mesurables sur l'audience du site web) sont stock\u00e9s sur la base de l'Art. 6 Sect. 1 lit. f GDPR, \u00e0 moins qu'une autre base juridique ne soit cit\u00e9e. L'exploitant du site web a un int\u00e9r\u00eat l\u00e9gitime \u00e0 stocker des cookies pour garantir la fourniture techniquement exempte d'erreurs et optimis\u00e9e des services de l'exploitant. Si votre consentement au stockage des cookies a \u00e9t\u00e9 demand\u00e9, les cookies respectifs sont stock\u00e9s exclusivement sur la base du consentement obtenu (Art. 6 Sect. 1 lit. a GDPR) ; ce consentement peut \u00eatre r\u00e9voqu\u00e9 \u00e0 tout moment.<\/p>\n<p>Vous avez la possibilit\u00e9 de configurer votre navigateur de mani\u00e8re \u00e0 \u00eatre averti chaque fois que des cookies sont plac\u00e9s et de n'autoriser l'acceptation de cookies que dans des cas sp\u00e9cifiques. Vous pouvez \u00e9galement exclure l'acceptation des cookies dans certains cas ou de mani\u00e8re g\u00e9n\u00e9rale, ou activer la fonction de suppression pour l'\u00e9radication automatique des cookies \u00e0 la fermeture du navigateur. Si les cookies sont d\u00e9sactiv\u00e9s, les fonctions de ce site web peuvent \u00eatre limit\u00e9es.<\/p>\n<p>Si des cookies de tiers sont utilis\u00e9s ou si des cookies sont utilis\u00e9s \u00e0 des fins d'analyse, nous vous en informerons s\u00e9par\u00e9ment conform\u00e9ment \u00e0 la pr\u00e9sente politique de protection des donn\u00e9es et, le cas \u00e9ch\u00e9ant, nous vous demanderons votre consentement.<\/p>\n<h5 class=\"text-4\">Fichiers journaux du serveur<\/h5>\n<p>Le fournisseur de ce site web et de ses pages recueille et stocke automatiquement des informations dans ce que l'on appelle les fichiers journaux du serveur, que votre navigateur nous communique automatiquement. Ces informations sont les suivantes<\/p>\n<ul>\n<li>- Le type et la version du navigateur utilis\u00e9<\/li>\n<li>- Le syst\u00e8me d'exploitation utilis\u00e9<\/li>\n<li>- URL du r\u00e9f\u00e9rent<\/li>\n<li>- Le nom d'h\u00f4te de l'ordinateur d'acc\u00e8s<\/li>\n<li>- L'heure de l'interrogation du serveur<\/li>\n<li>- L'adresse IP<\/li>\n<li>- Ces donn\u00e9es ne sont pas fusionn\u00e9es avec d'autres sources de donn\u00e9es.<\/li>\n<\/ul>\n<p>Ces donn\u00e9es sont enregistr\u00e9es sur la base de l'Art. 6 Sect. 1 lit. f GDPR. L'exploitant du site web a un int\u00e9r\u00eat l\u00e9gitime \u00e0 ce que la repr\u00e9sentation du site web de l'exploitant soit techniquement exempte d'erreurs et qu'elle soit optimis\u00e9e. Pour ce faire, des fichiers journaux du serveur doivent \u00eatre enregistr\u00e9s.<\/p>\n<h5 class=\"text-4\">Demande par e-mail, t\u00e9l\u00e9phone, ...<\/h5>\n<p>Si vous nous contactez par e-mail, t\u00e9l\u00e9phone ou fax, votre demande, y compris toutes les donn\u00e9es personnelles qui en d\u00e9coulent (nom, demande), sera stock\u00e9e et trait\u00e9e par nos soins dans le but de traiter votre demande. Nous ne transmettons pas ces donn\u00e9es sans votre consentement.<br \/>Ces donn\u00e9es sont trait\u00e9es sur la base de l'art. 6 Sect. 1 lit. b GDPR si votre demande est li\u00e9e \u00e0 l'ex\u00e9cution d'un contrat ou est n\u00e9cessaire \u00e0 l'ex\u00e9cution de mesures pr\u00e9contractuelles. Dans tous les autres cas, les donn\u00e9es sont trait\u00e9es sur la base de notre int\u00e9r\u00eat l\u00e9gitime \u00e0 traiter efficacement les demandes qui nous sont soumises (article 6, paragraphe 1, point f), du RGPD) ou sur la base de votre consentement (article 6, paragraphe 1, point a), du RGPD) s'il a \u00e9t\u00e9 obtenu.<br \/>Les donn\u00e9es que vous nous avez transmises par le biais de demandes de contact restent chez nous jusqu'\u00e0 ce que vous nous demandiez de les effacer, que vous r\u00e9voquiez votre consentement \u00e0 l'enregistrement ou que la finalit\u00e9 de l'enregistrement des donn\u00e9es devienne caduque (par exemple, apr\u00e8s l'ex\u00e9cution de votre demande). Les dispositions l\u00e9gales obligatoires - en particulier les d\u00e9lais de conservation l\u00e9gaux - ne sont pas affect\u00e9es.<br \/>Par ailleurs, si vous nous contactez par d'autres moyens, comme Whatsapp, veuillez consulter leur politique de confidentialit\u00e9 pour plus d'informations sur la mani\u00e8re dont ils traitent nos donn\u00e9es.<\/p>\n<h3 class=\"mb-3 mt-4\">5. Outils d'analyse et publicit\u00e9<\/h3>\n<h5 class=\"text-4\">Google Analytics<\/h5>\n<p>Ce site utilise des fonctions du service d'analyse de site Internet Google Analytics. Le fournisseur de ce service est Google Ireland Limited (\"Google\"), Gordon House, Barrow Street, Dublin 4, Irlande.<\/p>\n<p>Google Analytics permet \u00e0 l'op\u00e9rateur du site d'analyser le comportement des visiteurs du site. \u00c0 cette fin, l'exploitant du site Web re\u00e7oit diverses donn\u00e9es sur les utilisateurs, telles que les pages consult\u00e9es, le temps pass\u00e9 sur la page, le syst\u00e8me d'exploitation utilis\u00e9 et l'origine de l'utilisateur. Google peut regrouper ces donn\u00e9es dans un profil qui est attribu\u00e9 \u00e0 l'utilisateur ou \u00e0 l'appareil de l'utilisateur.<\/p>\n<p>Google Analytics utilise des technologies qui permettent de reconna\u00eetre l'utilisateur dans le but d'analyser son comportement (p. ex. cookies ou empreintes digitales de l'appareil). Les informations relatives \u00e0 l'utilisation du site Internet enregistr\u00e9es par Google sont g\u00e9n\u00e9ralement transmises \u00e0 un serveur de Google aux \u00c9tats-Unis, o\u00f9 elles sont stock\u00e9es.<\/p>\n<p>Cet outil d'analyse est utilis\u00e9 sur la base de l'art. 6 Sect. 1 lit. f GDPR. L'exploitant de ce site web a un int\u00e9r\u00eat l\u00e9gitime \u00e0 analyser les habitudes des utilisateurs afin d'optimiser les services offerts en ligne et les activit\u00e9s publicitaires de l'exploitant. Si un accord correspondant a \u00e9t\u00e9 demand\u00e9 (par exemple, un accord pour le stockage de cookies), le traitement a lieu exclusivement sur la base de l'Art. 6 para. 1 lit. a GDPR ; l'accord peut \u00eatre r\u00e9voqu\u00e9 \u00e0 tout moment.<\/p>\n<p>La transmission de donn\u00e9es aux \u00c9tats-Unis est bas\u00e9e sur les clauses contractuelles types (CCN) de la Commission europ\u00e9enne. Les d\u00e9tails sont disponibles ici : https:\/\/privacy.google.com\/businesses\/controllerterms\/mccs\/.<\/p>\t\t\t\t\t\t\t\t<\/div>\n\t\t\t\t<\/div>\n\t\t\t\t\t<\/div>\n\t\t\t\t<\/div>\n\t\t\t\t<\/div>","protected":false},"excerpt":{"rendered":"<p>The following information will provide you with an easy to navigate overview of what will happen with your personal data when you visit this website. The term \u201cpersonal data\u201d comprises all data that can be used to personally identify you. For detailed information about the subject matter of data protection, please consult our Data Protection [&hellip;]<\/p>","protected":false},"author":1,"featured_media":0,"parent":0,"menu_order":0,"comment_status":"closed","ping_status":"open","template":"","meta":{"footnotes":""},"class_list":["post-3","page","type-page","status-publish","hentry"],"_links":{"self":[{"href":"https:\/\/costablancastays.com\/fr\/wp-json\/wp\/v2\/pages\/3","targetHints":{"allow":["GET"]}}],"collection":[{"href":"https:\/\/costablancastays.com\/fr\/wp-json\/wp\/v2\/pages"}],"about":[{"href":"https:\/\/costablancastays.com\/fr\/wp-json\/wp\/v2\/types\/page"}],"author":[{"embeddable":true,"href":"https:\/\/costablancastays.com\/fr\/wp-json\/wp\/v2\/users\/1"}],"replies":[{"embeddable":true,"href":"https:\/\/costablancastays.com\/fr\/wp-json\/wp\/v2\/comments?post=3"}],"version-history":[{"count":0,"href":"https:\/\/costablancastays.com\/fr\/wp-json\/wp\/v2\/pages\/3\/revisions"}],"wp:attachment":[{"href":"https:\/\/costablancastays.com\/fr\/wp-json\/wp\/v2\/media?parent=3"}],"curies":[{"name":"wp","href":"https:\/\/api.w.org\/{rel}","templated":true}]}}